{"id":6161,"date":"2024-02-07T06:58:10","date_gmt":"2024-02-07T06:58:10","guid":{"rendered":"https:\/\/fruitesnuria.cat\/contacte\/"},"modified":"2024-08-30T16:24:14","modified_gmt":"2024-08-30T16:24:14","slug":"contacto","status":"publish","type":"page","link":"https:\/\/fruitesnuria.cat\/es\/contacto\/","title":{"rendered":"Contacto"},"content":{"rendered":"\t\t<div data-elementor-type=\"wp-post\" data-elementor-id=\"6161\" class=\"elementor elementor-6161 elementor-5332\" data-elementor-post-type=\"page\">\n\t\t\t\t<div class=\"elementor-element elementor-element-6cb2a4e e-flex e-con-boxed e-con e-parent\" data-id=\"6cb2a4e\" data-element_type=\"container\" data-e-type=\"container\" data-settings=\"{&quot;background_background&quot;:&quot;classic&quot;}\">\n\t\t\t\t\t<div class=\"e-con-inner\">\n\t\t<div class=\"elementor-element elementor-element-0d15fa8 e-con-full e-flex e-con e-child\" data-id=\"0d15fa8\" data-element_type=\"container\" data-e-type=\"container\">\n\t\t\t\t<\/div>\n\t\t\t\t\t<\/div>\n\t\t\t\t<\/div>\n\t\t<div class=\"elementor-element elementor-element-4fbfe44 e-flex e-con-boxed e-con e-parent\" data-id=\"4fbfe44\" data-element_type=\"container\" data-e-type=\"container\" data-settings=\"{&quot;background_background&quot;:&quot;classic&quot;}\">\n\t\t\t\t\t<div class=\"e-con-inner\">\n\t\t<div class=\"elementor-element elementor-element-f9127d2 e-con-full e-flex e-con e-child\" data-id=\"f9127d2\" data-element_type=\"container\" data-e-type=\"container\" data-settings=\"{&quot;background_background&quot;:&quot;classic&quot;}\">\n\t\t\t\t<div class=\"elementor-element elementor-element-0ff9497 elementor-widget elementor-widget-image\" data-id=\"0ff9497\" data-element_type=\"widget\" data-e-type=\"widget\" data-widget_type=\"image.default\">\n\t\t\t\t<div class=\"elementor-widget-container\">\n\t\t\t\t\t\t\t\t\t\t\t\t\t\t\t<img decoding=\"async\" src=\"https:\/\/fruitesnuria.cat\/wp-content\/uploads\/2021\/03\/basil-leaf.png\" title=\"\" alt=\"\" loading=\"lazy\" \/>\t\t\t\t\t\t\t\t\t\t\t\t\t\t\t<\/div>\n\t\t\t\t<\/div>\n\t\t<div class=\"elementor-element elementor-element-f1f3ac0 e-con-full e-flex e-con e-child\" data-id=\"f1f3ac0\" data-element_type=\"container\" data-e-type=\"container\">\n\t\t<div class=\"elementor-element elementor-element-827016f e-con-full e-flex e-con e-child\" data-id=\"827016f\" data-element_type=\"container\" data-e-type=\"container\" data-settings=\"{&quot;background_background&quot;:&quot;classic&quot;}\">\n\t\t\t\t<div class=\"elementor-element elementor-element-ab3d6bb elementor-view-default elementor-widget elementor-widget-icon\" data-id=\"ab3d6bb\" data-element_type=\"widget\" data-e-type=\"widget\" data-widget_type=\"icon.default\">\n\t\t\t\t<div class=\"elementor-widget-container\">\n\t\t\t\t\t\t\t<div class=\"elementor-icon-wrapper\">\n\t\t\t<div class=\"elementor-icon\">\n\t\t\t<svg aria-hidden=\"true\" class=\"e-font-icon-svg e-fas-phone\" viewBox=\"0 0 512 512\" xmlns=\"http:\/\/www.w3.org\/2000\/svg\"><path d=\"M493.4 24.6l-104-24c-11.3-2.6-22.9 3.3-27.5 13.9l-48 112c-4.2 9.8-1.4 21.3 6.9 28l60.6 49.6c-36 76.7-98.9 140.5-177.2 177.2l-49.6-60.6c-6.8-8.3-18.2-11.1-28-6.9l-112 48C3.9 366.5-2 378.1.6 389.4l24 104C27.1 504.2 36.7 512 48 512c256.1 0 464-207.5 464-464 0-11.2-7.7-20.9-18.6-23.4z\"><\/path><\/svg>\t\t\t<\/div>\n\t\t<\/div>\n\t\t\t\t\t\t<\/div>\n\t\t\t\t<\/div>\n\t\t\t\t<div class=\"elementor-element elementor-element-6fe9a40 elementor-widget elementor-widget-text-editor\" data-id=\"6fe9a40\" data-element_type=\"widget\" data-e-type=\"widget\" data-widget_type=\"text-editor.default\">\n\t\t\t\t<div class=\"elementor-widget-container\">\n\t\t\t\t\t\t\t\t\t<p>+34 <span class=\"LrzXr zdqRlf kno-fv\"><a href=\"https:\/\/www.google.com\/search?client=firefox-b-e&amp;q=fruites+nurai#\" data-dtype=\"d3ph\" data-local-attribute=\"d3ph\" data-ved=\"2ahUKEwj4mpqR2LKEAxVi9AIHHRG6CA0QkAgoAHoECFwQAg\"><span aria-label=\"Llamar al n\u00famero de tel\u00e9fono 972 79 30 09\">972 79 30 09<\/span><\/a><\/span><\/p>\n\t\t\t\t\t\t\t\t<\/div>\n\t\t\t\t<\/div>\n\t\t\t\t<\/div>\n\t\t<div class=\"elementor-element elementor-element-8fbd6a4 e-con-full e-flex e-con e-child\" data-id=\"8fbd6a4\" data-element_type=\"container\" data-e-type=\"container\" data-settings=\"{&quot;background_background&quot;:&quot;classic&quot;}\">\n\t\t\t\t<div class=\"elementor-element elementor-element-a93ca09 elementor-view-default elementor-widget elementor-widget-icon\" data-id=\"a93ca09\" data-element_type=\"widget\" data-e-type=\"widget\" data-widget_type=\"icon.default\">\n\t\t\t\t<div class=\"elementor-widget-container\">\n\t\t\t\t\t\t\t<div class=\"elementor-icon-wrapper\">\n\t\t\t<div class=\"elementor-icon\">\n\t\t\t<svg aria-hidden=\"true\" class=\"e-font-icon-svg e-far-envelope\" viewBox=\"0 0 512 512\" xmlns=\"http:\/\/www.w3.org\/2000\/svg\"><path d=\"M464 64H48C21.49 64 0 85.49 0 112v288c0 26.51 21.49 48 48 48h416c26.51 0 48-21.49 48-48V112c0-26.51-21.49-48-48-48zm0 48v40.805c-22.422 18.259-58.168 46.651-134.587 106.49-16.841 13.247-50.201 45.072-73.413 44.701-23.208.375-56.579-31.459-73.413-44.701C106.18 199.465 70.425 171.067 48 152.805V112h416zM48 400V214.398c22.914 18.251 55.409 43.862 104.938 82.646 21.857 17.205 60.134 55.186 103.062 54.955 42.717.231 80.509-37.199 103.053-54.947 49.528-38.783 82.032-64.401 104.947-82.653V400H48z\"><\/path><\/svg>\t\t\t<\/div>\n\t\t<\/div>\n\t\t\t\t\t\t<\/div>\n\t\t\t\t<\/div>\n\t\t\t\t<div class=\"elementor-element elementor-element-2aae527 elementor-widget elementor-widget-text-editor\" data-id=\"2aae527\" data-element_type=\"widget\" data-e-type=\"widget\" data-widget_type=\"text-editor.default\">\n\t\t\t\t<div class=\"elementor-widget-container\">\n\t\t\t\t\t\t\t\t\t<p>administracio@fruitesnuria.com<\/p>\n\t\t\t\t\t\t\t\t<\/div>\n\t\t\t\t<\/div>\n\t\t\t\t<\/div>\n\t\t<div class=\"elementor-element elementor-element-98f4fe1 e-con-full e-flex e-con e-child\" data-id=\"98f4fe1\" data-element_type=\"container\" data-e-type=\"container\" data-settings=\"{&quot;background_background&quot;:&quot;classic&quot;}\">\n\t\t\t\t<div class=\"elementor-element elementor-element-4ba52ff elementor-view-default elementor-widget elementor-widget-icon\" data-id=\"4ba52ff\" data-element_type=\"widget\" data-e-type=\"widget\" data-widget_type=\"icon.default\">\n\t\t\t\t<div class=\"elementor-widget-container\">\n\t\t\t\t\t\t\t<div class=\"elementor-icon-wrapper\">\n\t\t\t<div class=\"elementor-icon\">\n\t\t\t<svg aria-hidden=\"true\" class=\"e-font-icon-svg e-fas-map-marker-alt\" viewBox=\"0 0 384 512\" xmlns=\"http:\/\/www.w3.org\/2000\/svg\"><path d=\"M172.268 501.67C26.97 291.031 0 269.413 0 192 0 85.961 85.961 0 192 0s192 85.961 192 192c0 77.413-26.97 99.031-172.268 309.67-9.535 13.774-29.93 13.773-39.464 0zM192 272c44.183 0 80-35.817 80-80s-35.817-80-80-80-80 35.817-80 80 35.817 80 80 80z\"><\/path><\/svg>\t\t\t<\/div>\n\t\t<\/div>\n\t\t\t\t\t\t<\/div>\n\t\t\t\t<\/div>\n\t\t\t\t<div class=\"elementor-element elementor-element-f54d20b elementor-widget elementor-widget-text-editor\" data-id=\"f54d20b\" data-element_type=\"widget\" data-e-type=\"widget\" data-widget_type=\"text-editor.default\">\n\t\t\t\t<div class=\"elementor-widget-container\">\n\t\t\t\t\t\t\t\t\t<p>Calle Banyoles, 1<br \/> 17473 Ventall\u00f3 &#8211; Gerona<\/p>\n\t\t\t\t\t\t\t\t<\/div>\n\t\t\t\t<\/div>\n\t\t\t\t<\/div>\n\t\t\t\t<\/div>\n\t\t\t\t<\/div>\n\t\t\t\t\t<\/div>\n\t\t\t\t<\/div>\n\t\t<div class=\"elementor-element elementor-element-54bab645 e-flex e-con-boxed e-con e-parent\" data-id=\"54bab645\" data-element_type=\"container\" data-e-type=\"container\" data-settings=\"{&quot;background_background&quot;:&quot;classic&quot;}\">\n\t\t\t\t\t<div class=\"e-con-inner\">\n\t\t<div class=\"elementor-element elementor-element-3dcc20a0 e-con-full e-flex e-con e-child\" data-id=\"3dcc20a0\" data-element_type=\"container\" data-e-type=\"container\">\n\t\t\t\t<div class=\"elementor-element elementor-element-75ac8ac9 elementor-widget elementor-widget-heading\" data-id=\"75ac8ac9\" data-element_type=\"widget\" data-e-type=\"widget\" data-widget_type=\"heading.default\">\n\t\t\t\t<div class=\"elementor-widget-container\">\n\t\t\t\t\t<h2 class=\"elementor-heading-title elementor-size-default\">Abierto de lunes a domingo de 09:00h - 21:00h<\/h2>\t\t\t\t<\/div>\n\t\t\t\t<\/div>\n\t\t\t\t<\/div>\n\t\t<div class=\"elementor-element elementor-element-56d00813 e-con-full e-flex e-con e-child\" data-id=\"56d00813\" data-element_type=\"container\" data-e-type=\"container\">\n\t\t\t\t<div class=\"elementor-element elementor-element-469c009e elementor-align-right elementor-mobile-align-center elementor-tablet-align-center elementor-widget elementor-widget-button\" data-id=\"469c009e\" data-element_type=\"widget\" data-e-type=\"widget\" data-widget_type=\"button.default\">\n\t\t\t\t<div class=\"elementor-widget-container\">\n\t\t\t\t\t\t\t\t\t<div class=\"elementor-button-wrapper\">\n\t\t\t\t\t<a class=\"elementor-button elementor-button-link elementor-size-md\" href=\"https:\/\/www.google.com\/maps\/dir\/41.9803139,2.8186672\/fruites+nuria\/@42.125455,2.6645255,10z\/data=!3m1!4b1!4m9!4m8!1m1!4e1!1m5!1m1!1s0x12baf54f4aa06d9b:0xd7f7caba9a91a3ca!2m2!1d3.0213279!2d42.148436?entry=ttu\">\n\t\t\t\t\t\t<span class=\"elementor-button-content-wrapper\">\n\t\t\t\t\t\t<span class=\"elementor-button-icon\">\n\t\t\t\t<svg aria-hidden=\"true\" class=\"e-font-icon-svg e-fas-home\" viewBox=\"0 0 576 512\" xmlns=\"http:\/\/www.w3.org\/2000\/svg\"><path d=\"M280.37 148.26L96 300.11V464a16 16 0 0 0 16 16l112.06-.29a16 16 0 0 0 15.92-16V368a16 16 0 0 1 16-16h64a16 16 0 0 1 16 16v95.64a16 16 0 0 0 16 16.05L464 480a16 16 0 0 0 16-16V300L295.67 148.26a12.19 12.19 0 0 0-15.3 0zM571.6 251.47L488 182.56V44.05a12 12 0 0 0-12-12h-56a12 12 0 0 0-12 12v72.61L318.47 43a48 48 0 0 0-61 0L4.34 251.47a12 12 0 0 0-1.6 16.9l25.5 31A12 12 0 0 0 45.15 301l235.22-193.74a12.19 12.19 0 0 1 15.3 0L530.9 301a12 12 0 0 0 16.9-1.6l25.5-31a12 12 0 0 0-1.7-16.93z\"><\/path><\/svg>\t\t\t<\/span>\n\t\t\t\t\t\t\t\t\t<span class=\"elementor-button-text\">C\u00d3MO LLEGAR<\/span>\n\t\t\t\t\t<\/span>\n\t\t\t\t\t<\/a>\n\t\t\t\t<\/div>\n\t\t\t\t\t\t\t\t<\/div>\n\t\t\t\t<\/div>\n\t\t\t\t<\/div>\n\t\t\t\t\t<\/div>\n\t\t\t\t<\/div>\n\t\t<div class=\"elementor-element elementor-element-3f3bdbd e-con-full e-flex e-con e-parent\" data-id=\"3f3bdbd\" data-element_type=\"container\" data-e-type=\"container\">\n\t\t\t\t<div class=\"elementor-element elementor-element-c8587bf elementor-widget elementor-widget-google_maps\" data-id=\"c8587bf\" data-element_type=\"widget\" data-e-type=\"widget\" data-widget_type=\"google_maps.default\">\n\t\t\t\t<div class=\"elementor-widget-container\">\n\t\t\t\t\t\t\t<div class=\"elementor-custom-embed\">\n\t\t\t<iframe loading=\"lazy\"\n\t\t\t\t\tsrc=\"https:\/\/maps.google.com\/maps?q=Carrer%20dels%20Afores%2C%200%2C%2017473%20Ventall%C3%B3&#038;t=m&#038;z=13&#038;output=embed&#038;iwloc=near\"\n\t\t\t\t\ttitle=\"Carrer dels Afores, 0, 17473 Ventall\u00f3\"\n\t\t\t\t\taria-label=\"Carrer dels Afores, 0, 17473 Ventall\u00f3\"\n\t\t\t><\/iframe>\n\t\t<\/div>\n\t\t\t\t\t\t<\/div>\n\t\t\t\t<\/div>\n\t\t\t\t<\/div>\n\t\t\t\t<\/div>\n\t\t","protected":false},"excerpt":{"rendered":"<p>+34 972 79 30 09 administracio@fruitesnuria.com Calle Banyoles, 1 17473 Ventall\u00f3 &#8211; Gerona Abierto de lunes a domingo de 09:00h [&hellip;]<\/p>\n","protected":false},"author":1,"featured_media":5987,"parent":0,"menu_order":0,"comment_status":"closed","ping_status":"closed","template":"","meta":{"_uag_custom_page_level_css":"","site-sidebar-layout":"no-sidebar","site-content-layout":"page-builder","ast-site-content-layout":"full-width-container","site-content-style":"unboxed","site-sidebar-style":"unboxed","ast-global-header-display":"","ast-banner-title-visibility":"","ast-main-header-display":"","ast-hfb-above-header-display":"","ast-hfb-below-header-display":"","ast-hfb-mobile-header-display":"","site-post-title":"disabled","ast-breadcrumbs-content":"","ast-featured-img":"disabled","footer-sml-layout":"","ast-disable-related-posts":"","theme-transparent-header-meta":"enabled","adv-header-id-meta":"","stick-header-meta":"","header-above-stick-meta":"","header-main-stick-meta":"","header-below-stick-meta":"","astra-migrate-meta-layouts":"set","ast-page-background-enabled":"default","ast-page-background-meta":{"desktop":{"background-color":"","background-image":"","background-repeat":"repeat","background-position":"center center","background-size":"auto","background-attachment":"scroll","background-type":"","background-media":"","overlay-type":"","overlay-color":"","overlay-opacity":"","overlay-gradient":""},"tablet":{"background-color":"","background-image":"","background-repeat":"repeat","background-position":"center center","background-size":"auto","background-attachment":"scroll","background-type":"","background-media":"","overlay-type":"","overlay-color":"","overlay-opacity":"","overlay-gradient":""},"mobile":{"background-color":"","background-image":"","background-repeat":"repeat","background-position":"center center","background-size":"auto","background-attachment":"scroll","background-type":"","background-media":"","overlay-type":"","overlay-color":"","overlay-opacity":"","overlay-gradient":""}},"ast-content-background-meta":{"desktop":{"background-color":"var(--ast-global-color-5)","background-image":"","background-repeat":"repeat","background-position":"center center","background-size":"auto","background-attachment":"scroll","background-type":"","background-media":"","overlay-type":"","overlay-color":"","overlay-opacity":"","overlay-gradient":""},"tablet":{"background-color":"var(--ast-global-color-5)","background-image":"","background-repeat":"repeat","background-position":"center center","background-size":"auto","background-attachment":"scroll","background-type":"","background-media":"","overlay-type":"","overlay-color":"","overlay-opacity":"","overlay-gradient":""},"mobile":{"background-color":"var(--ast-global-color-5)","background-image":"","background-repeat":"repeat","background-position":"center center","background-size":"auto","background-attachment":"scroll","background-type":"","background-media":"","overlay-type":"","overlay-color":"","overlay-opacity":"","overlay-gradient":""}},"footnotes":""},"class_list":["post-6161","page","type-page","status-publish","has-post-thumbnail","hentry"],"yoast_head":"<!-- This site is optimized with the Yoast SEO plugin v27.4 - https:\/\/yoast.com\/product\/yoast-seo-wordpress\/ -->\n<title>Productos de proximidad - Ventall\u00f3 (Girona) | Fruites N\u00faria<\/title>\n<meta name=\"description\" content=\"Contacto Fruites N\u00faria \u00b7 +34 630 95 93 12 \u00b7 Calle Banyoles, 117473 Ventall\u00f3 \u2013 Girona. \u00a1Ven a comprar directamente a la tienda!\" \/>\n<meta name=\"robots\" content=\"index, follow, max-snippet:-1, max-image-preview:large, max-video-preview:-1\" \/>\n<link rel=\"canonical\" href=\"https:\/\/fruitesnuria.cat\/es\/contacto\/\" \/>\n<meta property=\"og:locale\" content=\"es_ES\" \/>\n<meta property=\"og:type\" content=\"article\" \/>\n<meta property=\"og:title\" content=\"Productos de proximidad - Ventall\u00f3 (Girona) | Fruites N\u00faria\" \/>\n<meta property=\"og:description\" content=\"Contacto Fruites N\u00faria \u00b7 +34 630 95 93 12 \u00b7 Calle Banyoles, 117473 Ventall\u00f3 \u2013 Girona. \u00a1Ven a comprar directamente a la tienda!\" \/>\n<meta property=\"og:url\" content=\"https:\/\/fruitesnuria.cat\/es\/contacto\/\" \/>\n<meta property=\"og:site_name\" content=\"Fruites N\u00faria\" \/>\n<meta property=\"article:publisher\" content=\"https:\/\/www.facebook.com\/fruitesnuria.cat\/\" \/>\n<meta property=\"article:modified_time\" content=\"2024-08-30T16:24:14+00:00\" \/>\n<meta property=\"og:image\" content=\"https:\/\/fruitesnuria.cat\/wp-content\/uploads\/2024\/02\/pomera.jpg\" \/>\n\t<meta property=\"og:image:width\" content=\"600\" \/>\n\t<meta property=\"og:image:height\" content=\"451\" \/>\n\t<meta property=\"og:image:type\" content=\"image\/jpeg\" \/>\n<meta name=\"twitter:card\" content=\"summary_large_image\" \/>\n<meta name=\"twitter:label1\" content=\"Tiempo de lectura\" \/>\n\t<meta name=\"twitter:data1\" content=\"1 minuto\" \/>\n<script type=\"application\/ld+json\" class=\"yoast-schema-graph\">{\"@context\":\"https:\\\/\\\/schema.org\",\"@graph\":[{\"@type\":\"WebPage\",\"@id\":\"https:\\\/\\\/fruitesnuria.cat\\\/es\\\/contacto\\\/\",\"url\":\"https:\\\/\\\/fruitesnuria.cat\\\/es\\\/contacto\\\/\",\"name\":\"Productos de proximidad - Ventall\u00f3 (Girona) | Fruites N\u00faria\",\"isPartOf\":{\"@id\":\"https:\\\/\\\/fruitesnuria.cat\\\/#website\"},\"primaryImageOfPage\":{\"@id\":\"https:\\\/\\\/fruitesnuria.cat\\\/es\\\/contacto\\\/#primaryimage\"},\"image\":{\"@id\":\"https:\\\/\\\/fruitesnuria.cat\\\/es\\\/contacto\\\/#primaryimage\"},\"thumbnailUrl\":\"https:\\\/\\\/fruitesnuria.cat\\\/wp-content\\\/uploads\\\/2024\\\/02\\\/pomera.jpg\",\"datePublished\":\"2024-02-07T06:58:10+00:00\",\"dateModified\":\"2024-08-30T16:24:14+00:00\",\"description\":\"Contacto Fruites N\u00faria \u00b7 +34 630 95 93 12 \u00b7 Calle Banyoles, 117473 Ventall\u00f3 \u2013 Girona. \u00a1Ven a comprar directamente a la tienda!\",\"breadcrumb\":{\"@id\":\"https:\\\/\\\/fruitesnuria.cat\\\/es\\\/contacto\\\/#breadcrumb\"},\"inLanguage\":\"es\",\"potentialAction\":[{\"@type\":\"ReadAction\",\"target\":[\"https:\\\/\\\/fruitesnuria.cat\\\/es\\\/contacto\\\/\"]}]},{\"@type\":\"ImageObject\",\"inLanguage\":\"es\",\"@id\":\"https:\\\/\\\/fruitesnuria.cat\\\/es\\\/contacto\\\/#primaryimage\",\"url\":\"https:\\\/\\\/fruitesnuria.cat\\\/wp-content\\\/uploads\\\/2024\\\/02\\\/pomera.jpg\",\"contentUrl\":\"https:\\\/\\\/fruitesnuria.cat\\\/wp-content\\\/uploads\\\/2024\\\/02\\\/pomera.jpg\",\"width\":600,\"height\":451},{\"@type\":\"BreadcrumbList\",\"@id\":\"https:\\\/\\\/fruitesnuria.cat\\\/es\\\/contacto\\\/#breadcrumb\",\"itemListElement\":[{\"@type\":\"ListItem\",\"position\":1,\"name\":\"Inici\",\"item\":\"https:\\\/\\\/fruitesnuria.cat\\\/es\\\/\"},{\"@type\":\"ListItem\",\"position\":2,\"name\":\"Contacto\"}]},{\"@type\":\"WebSite\",\"@id\":\"https:\\\/\\\/fruitesnuria.cat\\\/#website\",\"url\":\"https:\\\/\\\/fruitesnuria.cat\\\/\",\"name\":\"Fruites N\u00faria\",\"description\":\"\",\"publisher\":{\"@id\":\"https:\\\/\\\/fruitesnuria.cat\\\/#organization\"},\"potentialAction\":[{\"@type\":\"SearchAction\",\"target\":{\"@type\":\"EntryPoint\",\"urlTemplate\":\"https:\\\/\\\/fruitesnuria.cat\\\/?s={search_term_string}\"},\"query-input\":{\"@type\":\"PropertyValueSpecification\",\"valueRequired\":true,\"valueName\":\"search_term_string\"}}],\"inLanguage\":\"es\"},{\"@type\":\"Organization\",\"@id\":\"https:\\\/\\\/fruitesnuria.cat\\\/#organization\",\"name\":\"Fruites N\u00faria\",\"url\":\"https:\\\/\\\/fruitesnuria.cat\\\/\",\"logo\":{\"@type\":\"ImageObject\",\"inLanguage\":\"es\",\"@id\":\"https:\\\/\\\/fruitesnuria.cat\\\/#\\\/schema\\\/logo\\\/image\\\/\",\"url\":\"https:\\\/\\\/fruitesnuria.cat\\\/wp-content\\\/uploads\\\/2024\\\/02\\\/logo-1.png\",\"contentUrl\":\"https:\\\/\\\/fruitesnuria.cat\\\/wp-content\\\/uploads\\\/2024\\\/02\\\/logo-1.png\",\"width\":719,\"height\":347,\"caption\":\"Fruites N\u00faria\"},\"image\":{\"@id\":\"https:\\\/\\\/fruitesnuria.cat\\\/#\\\/schema\\\/logo\\\/image\\\/\"},\"sameAs\":[\"https:\\\/\\\/www.facebook.com\\\/fruitesnuria.cat\\\/\",\"https:\\\/\\\/www.instagram.com\\\/fruitesnuriacat\\\/\"]}]}<\/script>\n<!-- \/ Yoast SEO plugin. -->","yoast_head_json":{"title":"Productos de proximidad - Ventall\u00f3 (Girona) | Fruites N\u00faria","description":"Contacto Fruites N\u00faria \u00b7 +34 630 95 93 12 \u00b7 Calle Banyoles, 117473 Ventall\u00f3 \u2013 Girona. \u00a1Ven a comprar directamente a la tienda!","robots":{"index":"index","follow":"follow","max-snippet":"max-snippet:-1","max-image-preview":"max-image-preview:large","max-video-preview":"max-video-preview:-1"},"canonical":"https:\/\/fruitesnuria.cat\/es\/contacto\/","og_locale":"es_ES","og_type":"article","og_title":"Productos de proximidad - Ventall\u00f3 (Girona) | Fruites N\u00faria","og_description":"Contacto Fruites N\u00faria \u00b7 +34 630 95 93 12 \u00b7 Calle Banyoles, 117473 Ventall\u00f3 \u2013 Girona. \u00a1Ven a comprar directamente a la tienda!","og_url":"https:\/\/fruitesnuria.cat\/es\/contacto\/","og_site_name":"Fruites N\u00faria","article_publisher":"https:\/\/www.facebook.com\/fruitesnuria.cat\/","article_modified_time":"2024-08-30T16:24:14+00:00","og_image":[{"width":600,"height":451,"url":"https:\/\/fruitesnuria.cat\/wp-content\/uploads\/2024\/02\/pomera.jpg","type":"image\/jpeg"}],"twitter_card":"summary_large_image","twitter_misc":{"Tiempo de lectura":"1 minuto"},"schema":{"@context":"https:\/\/schema.org","@graph":[{"@type":"WebPage","@id":"https:\/\/fruitesnuria.cat\/es\/contacto\/","url":"https:\/\/fruitesnuria.cat\/es\/contacto\/","name":"Productos de proximidad - Ventall\u00f3 (Girona) | Fruites N\u00faria","isPartOf":{"@id":"https:\/\/fruitesnuria.cat\/#website"},"primaryImageOfPage":{"@id":"https:\/\/fruitesnuria.cat\/es\/contacto\/#primaryimage"},"image":{"@id":"https:\/\/fruitesnuria.cat\/es\/contacto\/#primaryimage"},"thumbnailUrl":"https:\/\/fruitesnuria.cat\/wp-content\/uploads\/2024\/02\/pomera.jpg","datePublished":"2024-02-07T06:58:10+00:00","dateModified":"2024-08-30T16:24:14+00:00","description":"Contacto Fruites N\u00faria \u00b7 +34 630 95 93 12 \u00b7 Calle Banyoles, 117473 Ventall\u00f3 \u2013 Girona. \u00a1Ven a comprar directamente a la tienda!","breadcrumb":{"@id":"https:\/\/fruitesnuria.cat\/es\/contacto\/#breadcrumb"},"inLanguage":"es","potentialAction":[{"@type":"ReadAction","target":["https:\/\/fruitesnuria.cat\/es\/contacto\/"]}]},{"@type":"ImageObject","inLanguage":"es","@id":"https:\/\/fruitesnuria.cat\/es\/contacto\/#primaryimage","url":"https:\/\/fruitesnuria.cat\/wp-content\/uploads\/2024\/02\/pomera.jpg","contentUrl":"https:\/\/fruitesnuria.cat\/wp-content\/uploads\/2024\/02\/pomera.jpg","width":600,"height":451},{"@type":"BreadcrumbList","@id":"https:\/\/fruitesnuria.cat\/es\/contacto\/#breadcrumb","itemListElement":[{"@type":"ListItem","position":1,"name":"Inici","item":"https:\/\/fruitesnuria.cat\/es\/"},{"@type":"ListItem","position":2,"name":"Contacto"}]},{"@type":"WebSite","@id":"https:\/\/fruitesnuria.cat\/#website","url":"https:\/\/fruitesnuria.cat\/","name":"Fruites N\u00faria","description":"","publisher":{"@id":"https:\/\/fruitesnuria.cat\/#organization"},"potentialAction":[{"@type":"SearchAction","target":{"@type":"EntryPoint","urlTemplate":"https:\/\/fruitesnuria.cat\/?s={search_term_string}"},"query-input":{"@type":"PropertyValueSpecification","valueRequired":true,"valueName":"search_term_string"}}],"inLanguage":"es"},{"@type":"Organization","@id":"https:\/\/fruitesnuria.cat\/#organization","name":"Fruites N\u00faria","url":"https:\/\/fruitesnuria.cat\/","logo":{"@type":"ImageObject","inLanguage":"es","@id":"https:\/\/fruitesnuria.cat\/#\/schema\/logo\/image\/","url":"https:\/\/fruitesnuria.cat\/wp-content\/uploads\/2024\/02\/logo-1.png","contentUrl":"https:\/\/fruitesnuria.cat\/wp-content\/uploads\/2024\/02\/logo-1.png","width":719,"height":347,"caption":"Fruites N\u00faria"},"image":{"@id":"https:\/\/fruitesnuria.cat\/#\/schema\/logo\/image\/"},"sameAs":["https:\/\/www.facebook.com\/fruitesnuria.cat\/","https:\/\/www.instagram.com\/fruitesnuriacat\/"]}]}},"uagb_featured_image_src":{"full":["https:\/\/fruitesnuria.cat\/wp-content\/uploads\/2024\/02\/pomera.jpg",600,451,false],"thumbnail":["https:\/\/fruitesnuria.cat\/wp-content\/uploads\/2024\/02\/pomera-150x150.jpg",150,150,true],"medium":["https:\/\/fruitesnuria.cat\/wp-content\/uploads\/2024\/02\/pomera-300x226.jpg",300,226,true],"medium_large":["https:\/\/fruitesnuria.cat\/wp-content\/uploads\/2024\/02\/pomera.jpg",600,451,false],"large":["https:\/\/fruitesnuria.cat\/wp-content\/uploads\/2024\/02\/pomera.jpg",600,451,false],"1536x1536":["https:\/\/fruitesnuria.cat\/wp-content\/uploads\/2024\/02\/pomera.jpg",600,451,false],"2048x2048":["https:\/\/fruitesnuria.cat\/wp-content\/uploads\/2024\/02\/pomera.jpg",600,451,false]},"uagb_author_info":{"display_name":"Fruites N\u00faria","author_link":"https:\/\/fruitesnuria.cat\/es\/author\/fruitesnuria_xo9aokky\/"},"uagb_comment_info":0,"uagb_excerpt":"+34 972 79 30 09 administracio@fruitesnuria.com Calle Banyoles, 1 17473 Ventall\u00f3 &#8211; Gerona Abierto de lunes a domingo de 09:00h [&hellip;]","_links":{"self":[{"href":"https:\/\/fruitesnuria.cat\/es\/wp-json\/wp\/v2\/pages\/6161","targetHints":{"allow":["GET"]}}],"collection":[{"href":"https:\/\/fruitesnuria.cat\/es\/wp-json\/wp\/v2\/pages"}],"about":[{"href":"https:\/\/fruitesnuria.cat\/es\/wp-json\/wp\/v2\/types\/page"}],"author":[{"embeddable":true,"href":"https:\/\/fruitesnuria.cat\/es\/wp-json\/wp\/v2\/users\/1"}],"replies":[{"embeddable":true,"href":"https:\/\/fruitesnuria.cat\/es\/wp-json\/wp\/v2\/comments?post=6161"}],"version-history":[{"count":0,"href":"https:\/\/fruitesnuria.cat\/es\/wp-json\/wp\/v2\/pages\/6161\/revisions"}],"wp:featuredmedia":[{"embeddable":true,"href":"https:\/\/fruitesnuria.cat\/es\/wp-json\/wp\/v2\/media\/5987"}],"wp:attachment":[{"href":"https:\/\/fruitesnuria.cat\/es\/wp-json\/wp\/v2\/media?parent=6161"}],"curies":[{"name":"wp","href":"https:\/\/api.w.org\/{rel}","templated":true}]}}